{"id":3560,"date":"2013-09-05T23:24:56","date_gmt":"2013-09-05T23:24:56","guid":{"rendered":"http:\/\/balbucio.com\/?page_id=3560"},"modified":"2013-09-24T00:32:02","modified_gmt":"2013-09-24T00:32:02","slug":"curiosidades","status":"publish","type":"page","link":"http:\/\/balbucio.com\/?page_id=3560","title":{"rendered":"Curiosidades"},"content":{"rendered":"<p>#01 &#8211; No ETC. Rapadura foi apresentado pela \u00faltima vez dois dos projetos mais importantes da hist\u00f3ria do Balbucio, o <a title=\"Glossolalic Machine #1 \u2013 Cenacula 3\" href=\"http:\/\/balbucio.com\/?p=1565\" target=\"_blank\">Glossolalic Machine #1 &#8211; Cenacula<\/a> (na sua vers\u00e3o &#8220;desplugada&#8221;) e o <a title=\"Cores Berrantes 2\" href=\"http:\/\/balbucio.com\/?p=1595\">Cores Berrantes<\/a>.<\/p>\n<p>#02 &#8211; O aluguel da casa onde foi realizado <a title=\"A casa da Santa\" href=\"http:\/\/balbucio.com\/?p=1802\">&#8220;A casa da Santa&#8221;<\/a> era de 750 reais. Esteve-se na casa durante um ano.<\/p>\n<p>#03 &#8211; O nome do grupo foi sugest\u00e3o de <a title=\"Artistas\" href=\"http:\/\/balbucio.com\/?page_id=33\" target=\"_blank\">Tobias Gaede<\/a> numa noite qualquer.<\/p>\n<p>#04 &#8211; <a title=\"Artistas\" href=\"http:\/\/balbucio.com\/?page_id=33\" target=\"_blank\">Edmilson Jr (Juin)<\/a> \u00e9 o \u00fanico performer a estar presente em todas as apresenta\u00e7\u00f5es do Glossolalic Machine #1 &#8211; Cenacula.<\/p>\n<p>#05 &#8211; <a title=\"Artistas\" href=\"http:\/\/balbucio.com\/?page_id=33\" target=\"_blank\">Wellington Jr. (Tutunho)<\/a> prop\u00f4s assumir as atividades da <a title=\"Semana de Comunica\u00e7\u00e3o\" href=\"http:\/\/balbucio.com\/?p=1790\" target=\"_blank\">Semana de Comunica\u00e7\u00e3o<\/a> e a de fazer a primeira <a title=\"Glossolalic Machine #1 \u2013 Cenacula\" href=\"http:\/\/balbucio.com\/?p=9\" target=\"_blank\">Cenacula<\/a> por conta de uma provoca\u00e7\u00e3o de <a title=\"Artistas\" href=\"http:\/\/balbucio.com\/?page_id=33\" target=\"_blank\">Andr\u00e9 Quintino<\/a> em sala de aula: &#8220;tu fica a\u00ed, dizendo que a gente devia propor, e porque tu n\u00e3o faz?&#8221;. Pode-se dizer que foi dessa provoca\u00e7\u00e3o que o grupo nasceu.<\/p>\n<p>#06 &#8211; O Balbucio n\u00e3o criou trabalhos iniciados com as seguintes letras: H, I, J, K, L, Q, U, X, Y e Z.<\/p>\n","protected":false},"excerpt":{"rendered":"<p>#01 &#8211; No ETC. Rapadura foi apresentado pela \u00faltima vez dois dos projetos mais importantes da hist\u00f3ria do Balbucio, o Glossolalic Machine #1 &#8211; Cenacula (na sua vers\u00e3o &#8220;desplugada&#8221;) e o Cores Berrantes. #02 &#8211; O aluguel da casa onde foi realizado &#8220;A casa da Santa&#8221; era de 750 reais. Esteve-se na casa durante um [&hellip;]<\/p>\n","protected":false},"author":1,"featured_media":0,"parent":0,"menu_order":0,"comment_status":"open","ping_status":"open","template":"","meta":[],"_links":{"self":[{"href":"http:\/\/balbucio.com\/index.php?rest_route=\/wp\/v2\/pages\/3560"}],"collection":[{"href":"http:\/\/balbucio.com\/index.php?rest_route=\/wp\/v2\/pages"}],"about":[{"href":"http:\/\/balbucio.com\/index.php?rest_route=\/wp\/v2\/types\/page"}],"author":[{"embeddable":true,"href":"http:\/\/balbucio.com\/index.php?rest_route=\/wp\/v2\/users\/1"}],"replies":[{"embeddable":true,"href":"http:\/\/balbucio.com\/index.php?rest_route=%2Fwp%2Fv2%2Fcomments&post=3560"}],"version-history":[{"count":9,"href":"http:\/\/balbucio.com\/index.php?rest_route=\/wp\/v2\/pages\/3560\/revisions"}],"predecessor-version":[{"id":3563,"href":"http:\/\/balbucio.com\/index.php?rest_route=\/wp\/v2\/pages\/3560\/revisions\/3563"}],"wp:attachment":[{"href":"http:\/\/balbucio.com\/index.php?rest_route=%2Fwp%2Fv2%2Fmedia&parent=3560"}],"curies":[{"name":"wp","href":"https:\/\/api.w.org\/{rel}","templated":true}]}}